{"id":163,"date":"2018-05-31T14:55:50","date_gmt":"2018-05-31T12:55:50","guid":{"rendered":"http:\/\/www.205rallye.net\/site\/?page_id=163"},"modified":"2018-05-31T17:05:29","modified_gmt":"2018-05-31T15:05:29","slug":"politique-de-confidentialite","status":"publish","type":"page","link":"https:\/\/www.205rallye.net\/site\/index.php\/politique-de-confidentialite\/","title":{"rendered":"Politique de confidentialit\u00e9"},"content":{"rendered":"<h2>Qui sommes-nous\u00a0?<\/h2>\n<p>L\u2019adresse de notre site Web est\u00a0: https:\/\/www.205rallye.net\/<\/p>\n<p>Nous sommes une association Loi 1901, g\u00e9r\u00e9e par des b\u00e9n\u00e9voles pour l&rsquo;amour d&rsquo;une passion commune le TU24\u00a0 (la 205 rallye et l&rsquo;AX Sport) dans un esprit commun.<\/p>\n<p><img loading=\"lazy\" decoding=\"async\" class=\"alignnone size-medium wp-image-159\" src=\"http:\/\/www.205rallye.net\/site\/wp-content\/uploads\/2018\/05\/esprit205-300x56.png\" alt=\"\" width=\"300\" height=\"56\" srcset=\"https:\/\/www.205rallye.net\/site\/wp-content\/uploads\/2018\/05\/esprit205-300x56.png 300w, https:\/\/www.205rallye.net\/site\/wp-content\/uploads\/2018\/05\/esprit205-768x143.png 768w, https:\/\/www.205rallye.net\/site\/wp-content\/uploads\/2018\/05\/esprit205-1024x191.png 1024w, https:\/\/www.205rallye.net\/site\/wp-content\/uploads\/2018\/05\/esprit205-1200x223.png 1200w, https:\/\/www.205rallye.net\/site\/wp-content\/uploads\/2018\/05\/esprit205.png 1676w\" sizes=\"auto, (max-width: 300px) 85vw, 300px\" \/><\/p>\n<p>La collecte et l&rsquo;utilisation de vos donn\u00e9es personnelles, n&rsquo;auront qu&rsquo;un seul but sur notre site :<br \/>\nVous fournir un service adapt\u00e9 r\u00e9pondant \u00e0 vos demandes.<\/p>\n<h2>Utilisation des donn\u00e9es personnelles collect\u00e9es<\/h2>\n<h3>Commentaires<\/h3>\n<p>Quand vous laissez un commentaire sur notre site web, les donn\u00e9es inscrites dans le formulaire de commentaire, mais aussi votre adresse IP et l\u2019agent utilisateur de votre navigateur sont collect\u00e9s pour nous aider \u00e0 la d\u00e9tection des commentaires ind\u00e9sirables.<\/p>\n<p>Une cha\u00eene anonymis\u00e9e cr\u00e9\u00e9e \u00e0 partir de votre adresse de messagerie (\u00e9galement appel\u00e9e hash) peut \u00eatre envoy\u00e9e au service Gravatar pour v\u00e9rifier si vous utilisez ce dernier. Les clauses de confidentialit\u00e9 du service Gravatar sont disponibles ici\u00a0: https:\/\/automattic.com\/privacy\/.<br \/>\nApr\u00e8s validation de votre commentaire, votre photo de profil sera visible publiquement \u00e0 cot\u00e9 de votre commentaire.<\/p>\n<h3>M\u00e9dias<\/h3>\n<p>Si vous \u00eates un utilisateur ou une utilisatrice enregistr\u00e9e et que vous t\u00e9l\u00e9versez des images sur notre site web, nous vous conseillons d\u2019\u00e9viter de t\u00e9l\u00e9verser des images contenant des donn\u00e9es EXIF de coordonn\u00e9es GPS. Les visiteurs de notre site web peuvent t\u00e9l\u00e9charger et extraire des donn\u00e9es de localisation depuis ces images.<\/p>\n<h3>Formulaires de contact<\/h3>\n<p>Par d\u00e9faut, nous ne disposons pas d&rsquo;un formulaire de contact.<\/p>\n<p>Mais vous pouvez vous rediriger vers notre forum <a href=\"https:\/\/www.205rallye.net\/forum\">https:\/\/www.205rallye.net\/forum<\/a> pour nous joindre rapidement.<\/p>\n<p>Sinon, faites nous parvenir un mail \u00e0 l&rsquo;adresse suivante : <a href=\"mailto:forum@205rallye.net\">forum@205rallye.net<\/a><\/p>\n<h3>Cookies<\/h3>\n<p>Si vous d\u00e9posez un commentaire sur notre site, il vous sera propos\u00e9 d\u2019enregistrer votre nom, adresse de messagerie et site web dans des cookies. C\u2019est uniquement pour votre confort afin de ne pas avoir \u00e0 saisir ces informations si vous d\u00e9posez un autre commentaire plus tard. Ces cookies expirent au bout d\u2019un an.<\/p>\n<p>Si vous avez un compte et que vous vous connectez sur notre site, un cookie temporaire sera cr\u00e9\u00e9 afin de d\u00e9terminer si votre navigateur accepte les cookies. Il ne contient pas de donn\u00e9es personnelles et sera supprim\u00e9 automatiquement \u00e0 la fermeture de votre navigateur.<\/p>\n<p>Lorsque vous vous connectez, nous mettons en place un certain nombre de cookies pour enregistrer vos informations de connexion et vos pr\u00e9f\u00e9rences d\u2019\u00e9cran. La dur\u00e9e de vie d\u2019un cookie de connexion est de deux jours, celle d\u2019un cookie d\u2019option d\u2019\u00e9cran est d\u2019un an. Si vous cochez \u00ab\u00a0Se souvenir de moi\u00a0\u00bb, votre cookie de connexion sera conserv\u00e9 pendant deux semaines. Si vous vous d\u00e9connectez de votre compte, le cookie de connexion sera effac\u00e9.<\/p>\n<p>En modifiant ou en publiant un article, un cookie suppl\u00e9mentaire sera enregistr\u00e9 dans votre navigateur. Ce cookie ne comprend aucune donn\u00e9e personnelle. Il indique simplement l\u2019identifiant de l\u2019article que vous venez de modifier. Il expire au bout d\u2019un jour.<\/p>\n<p>De plus vos cookies sont reli\u00e9s au forum<br \/>\n( <a href=\"https:\/\/www.205rallye.net\/forum\">https:\/\/www.205rallye.net\/forum\u00a0<\/a>\u00a0)<br \/>\nafin de vous permettre une navigation simplifi\u00e9.<\/p>\n<p>&nbsp;<\/p>\n<h3>Contenu embarqu\u00e9 depuis d\u2019autres sites<\/h3>\n<p>Les articles de ce site peuvent inclure des contenus int\u00e9gr\u00e9s (par exemple des vid\u00e9os, images, articles\u2026). Le contenu int\u00e9gr\u00e9 depuis d\u2019autres sites se comporte de la m\u00eame mani\u00e8re que si le visiteur se rendait sur cet autre site.<\/p>\n<p>Ces sites web pourraient collecter des donn\u00e9es sur vous, utiliser des cookies, embarquer des outils de suivis tiers, suivre vos interactions avec ces contenus embarqu\u00e9s si vous disposez d\u2019un compte connect\u00e9 sur leur site web.<\/p>\n<p><strong id=\"social_login\">Contenu Social<\/strong><\/p>\n<p>Nous collectons des informations concernant vos profils sociaux. ces donn\u00e9es ne sont partag\u00e9es avec nous qu&rsquo;apr\u00e8s votre connexion \u00e0 ces r\u00e9seaux. Ces donn\u00e9es nous permettent de vous offrir la possibilit\u00e9 de partager les contenus de site sur vos r\u00e9seaux pr\u00e9f\u00e9r\u00e9s.<br \/>\nExemple :\u00a0<em> regardez\u00a0 Facebook\u2019s data privacy policy: <a href=\"https:\/\/www.facebook.com\/about\/privacy\/update\">https:\/\/www.facebook.com\/about\/privacy\/update<\/a><\/em><\/p>\n<p>Pour toutes questions relatives \u00e0 ces sujets : <a href=\"mailto:forum@205rallye.net\">forum@205rallye.net<\/a><\/p>\n<h3>Statistiques et mesures d\u2019audience<\/h3>\n<p>Ce site utilise Google Analytics afin de nous fournir des statistiques d&rsquo;usage, aucune exploitation commerciale n&rsquo;est faites \u00e0 partir de ces donn\u00e9es.<\/p>\n<h2>Utilisation et transmission de vos donn\u00e9es personnelles<\/h2>\n<h2>Dur\u00e9es de stockage de vos donn\u00e9es<\/h2>\n<p>Si vous laissez un commentaire, le commentaire et ses m\u00e9tadonn\u00e9es sont conserv\u00e9s ind\u00e9finiment. Cela permet de reconna\u00eetre et approuver automatiquement les commentaires suivants au lieu de les laisser dans la file de mod\u00e9ration.<\/p>\n<p>Pour les utilisateurs et utilisatrices qui s\u2019enregistrent sur notre site, nous stockons \u00e9galement les donn\u00e9es personnelles indiqu\u00e9es dans leur profil. Tous les utilisateurs et utilisatrices peuvent voir, modifier ou supprimer leurs informations personnelles \u00e0 tout moment (\u00e0 l\u2019exception de leur nom d\u2019utilisateur-rice). Les gestionnaires du site peuvent aussi voir et modifier ces informations.<\/p>\n<h2>Les droits que vous avez sur vos donn\u00e9es<\/h2>\n<p>Si vous avez un compte ou si vous avez laiss\u00e9 des commentaires sur notre site, vous pouvez demander \u00e0 recevoir un fichier contenant toutes les donn\u00e9es personnelles que nous poss\u00e9dons \u00e0 votre sujet, incluant celles que vous nous avez fournies. Vous pouvez \u00e9galement demander la suppression des donn\u00e9es personnelles vous concernant. Cela ne prend pas en compte les donn\u00e9es stock\u00e9es \u00e0 des fins administratives, l\u00e9gales ou pour des raisons de s\u00e9curit\u00e9.<\/p>\n<h2>Transmission de vos donn\u00e9es personnelles<\/h2>\n<p>Les commentaires des visiteurs peuvent \u00eatre v\u00e9rifi\u00e9s \u00e0 l\u2019aide d\u2019un service automatis\u00e9 de d\u00e9tection des commentaires ind\u00e9sirables.<\/p>\n<h2>Informations de contact<\/h2>\n<p>Pour nous contacter : <a href=\"mailto:forum@205rallye.net\">forum@205rallye.net<\/a><br \/>\nJoignez nous sur la page Facebook du club @205RallyeClubDeFrance<\/p>\n<p>&nbsp;<\/p>\n<p>Afin de vous aider \u00e0 mieux comprendre le pourquoi cette page, je vous invite \u00e0 lire le contenu suivant :<\/p>\n<p><a href=\"https:\/\/www.service-public.fr\/professionnels-entreprises\/vosdroits\/F24270\">En savoir plus sur la RGPD<\/a><\/p>\n","protected":false},"excerpt":{"rendered":"<p>Qui sommes-nous\u00a0? L\u2019adresse de notre site Web est\u00a0: https:\/\/www.205rallye.net\/ Nous sommes une association Loi 1901, g\u00e9r\u00e9e par des b\u00e9n\u00e9voles pour l&rsquo;amour d&rsquo;une passion commune le TU24\u00a0 (la 205 rallye et l&rsquo;AX Sport) dans un esprit commun. La collecte et l&rsquo;utilisation de vos donn\u00e9es personnelles, n&rsquo;auront qu&rsquo;un seul but sur notre site : Vous fournir un &hellip; <a href=\"https:\/\/www.205rallye.net\/site\/index.php\/politique-de-confidentialite\/\" class=\"more-link\">Continuer la lecture<span class=\"screen-reader-text\"> de &laquo;&nbsp;Politique de confidentialit\u00e9&nbsp;&raquo;<\/span><\/a><\/p>\n","protected":false},"author":6,"featured_media":0,"parent":0,"menu_order":0,"comment_status":"closed","ping_status":"closed","template":"","meta":{"_uag_custom_page_level_css":"","footnotes":""},"class_list":["post-163","page","type-page","status-publish","hentry"],"uagb_featured_image_src":{"full":false,"thumbnail":false,"medium":false,"medium_large":false,"large":false,"1536x1536":false,"2048x2048":false,"post-thumbnail":false},"uagb_author_info":{"display_name":"nicolas GROS","author_link":"https:\/\/www.205rallye.net\/site\/index.php\/author\/amy-nico\/"},"uagb_comment_info":0,"uagb_excerpt":"Qui sommes-nous\u00a0? L\u2019adresse de notre site Web est\u00a0: https:\/\/www.205rallye.net\/ Nous sommes une association Loi 1901, g\u00e9r\u00e9e par des b\u00e9n\u00e9voles pour l&rsquo;amour d&rsquo;une passion commune le TU24\u00a0 (la 205 rallye et l&rsquo;AX Sport) dans un esprit commun. La collecte et l&rsquo;utilisation de vos donn\u00e9es personnelles, n&rsquo;auront qu&rsquo;un seul but sur notre site : Vous fournir un\u2026","_links":{"self":[{"href":"https:\/\/www.205rallye.net\/site\/index.php\/wp-json\/wp\/v2\/pages\/163","targetHints":{"allow":["GET"]}}],"collection":[{"href":"https:\/\/www.205rallye.net\/site\/index.php\/wp-json\/wp\/v2\/pages"}],"about":[{"href":"https:\/\/www.205rallye.net\/site\/index.php\/wp-json\/wp\/v2\/types\/page"}],"author":[{"embeddable":true,"href":"https:\/\/www.205rallye.net\/site\/index.php\/wp-json\/wp\/v2\/users\/6"}],"replies":[{"embeddable":true,"href":"https:\/\/www.205rallye.net\/site\/index.php\/wp-json\/wp\/v2\/comments?post=163"}],"version-history":[{"count":6,"href":"https:\/\/www.205rallye.net\/site\/index.php\/wp-json\/wp\/v2\/pages\/163\/revisions"}],"predecessor-version":[{"id":172,"href":"https:\/\/www.205rallye.net\/site\/index.php\/wp-json\/wp\/v2\/pages\/163\/revisions\/172"}],"wp:attachment":[{"href":"https:\/\/www.205rallye.net\/site\/index.php\/wp-json\/wp\/v2\/media?parent=163"}],"curies":[{"name":"wp","href":"https:\/\/api.w.org\/{rel}","templated":true}]}}