{"id":2,"date":"2017-11-22T10:40:29","date_gmt":"2017-11-22T09:40:29","guid":{"rendered":"http:\/\/www.205rallye.net\/site\/?page_id=2"},"modified":"2020-11-18T10:03:37","modified_gmt":"2020-11-18T09:03:37","slug":"page-d-exemple","status":"publish","type":"page","link":"https:\/\/www.205rallye.net\/site\/","title":{"rendered":"Bienvenue sur le site du 205 Rallye Club de France"},"content":{"rendered":"<div>\n<h1 class=\"tittle\" style=\"text-align: left;\">Un esprit 205 Rallye ?<\/h1>\n<p>Mis \u00e0 part la passion pour cette voiture, il y a des caract\u00e9ristiques communes aux propri\u00e9taires de 205 Rallye.<br \/>Il y aurait un \u00e9tat d&rsquo;esprit propre aux Rallyphiles ? On peut le croire parce qu&rsquo;ils ne veulent surtout pas \u00eatre assimil\u00e9s \u00e0 des GTIstes, il faut \u00e9viter de leurs parler de 205 Rallye tuning et le plus souvent, ils se passionnent pour la comp\u00e9tition automobile, le terroir et la convivialit\u00e9. Une bonne arsouille pour pimenter les rencontres ne fera de mal \u00e0 personne.<\/p>\n<\/div>\n<div style=\"text-align: center;\">\u00a0<strong>Si vous vous reconnaissez dans ces traits de caract\u00e8re, vous avez l&rsquo;esprit 205 Rallye.<\/strong><\/div>\n<div>\u00a0<\/div>\n<div style=\"text-align: left;\">La petite quantit\u00e9 de 205 Rallye produites et son caract\u00e8re belliqueux en font une auto en voie d&rsquo;extinction. Il est rare de croiser une 205 Rallye dans sa r\u00e9gion et la probabilit\u00e9 de tomber sur un passionn\u00e9 est encore plus faible. Le Club permettra de lier des contacts avec d&rsquo;autres Rallyphiles dans sa r\u00e9gion, dans l&rsquo;hexagone et m\u00eame plus.<\/div>\n<div>\u00a0<\/div>\n<div>\n<p class=\"tittle\"> \n<!-- Start container 1 --><div id=\"wppa-modal-container-1\" class=\"wppa-modal-container\" style=\"position:relative;z-index:100000;\" data-wppa=\"yes\" ontouchmove=\"event.stopPropagation();\"><\/div><div id=\"wppa-container-wrapper-1\" class=\"aligncenter wppa-container-wrapper \" style=\"width:100%;clear:both;display:block;margin-left:auto;margin-right:auto;padding:0;position:relative;\"><div id=\"wppa-container-1\" style=\"width:100%;\" class=\"wppa-container wppa-container-1 wppa-rev-9112006 wppa-prevrev-9110011 wppa-theme-9.1.12.006 wppa-api-9.1.12.006\"><svg id=\"wppa-ajax-spin-1\" class=\"wppa-ajax-spin uil-default\" width=\"120px\" height=\"120px\" viewBox=\"0 0 100 100\" preserveAspectRatio=\"xMidYMid\" stroke=\"\" style=\"width:120px; height:120px; position:fixed; top:50%; margin-top:-60px; left:50%; margin-left:-60px; opacity:1; display:none; fill:#666666; background-color:transparent; border-radius:24px;\"><rect x=\"0\" y=\"0\" width=\"100\" height=\"100\" fill=\"none\" class=\"bk\"><\/rect><rect class=\"wppa-ajaxspin\" x=\"47\" y=\"40\" width=\"6\" height=\"20\" rx=\"3\" ry=\"3\" transform=\"rotate(0 50 50) translate(0 -32)\"><animate attributeName=\"opacity\" from=\"1\" to=\"0\" dur=\"1.5s\" begin=\"0s\" repeatCount=\"indefinite\" ><\/rect><rect class=\"wppa-ajaxspin\" x=\"47\" y=\"40\" width=\"6\" height=\"20\" rx=\"3\" ry=\"3\" transform=\"rotate(22.5 50 50) translate(0 -32)\"><animate attributeName=\"opacity\" from=\"1\" to=\"0\" dur=\"1.5s\" begin=\"0.09375s\" repeatCount=\"indefinite\" ><\/rect><rect class=\"wppa-ajaxspin\" x=\"47\" y=\"40\" width=\"6\" height=\"20\" rx=\"3\" ry=\"3\" transform=\"rotate(45 50 50) translate(0 -32)\"><animate attributeName=\"opacity\" from=\"1\" to=\"0\" dur=\"1.5s\" begin=\"0.1875s\" repeatCount=\"indefinite\" ><\/rect><rect class=\"wppa-ajaxspin\" x=\"47\" y=\"40\" width=\"6\" height=\"20\" rx=\"3\" ry=\"3\" transform=\"rotate(67.5 50 50) translate(0 -32)\"><animate attributeName=\"opacity\" from=\"1\" to=\"0\" dur=\"1.5s\" begin=\"0.28125s\" repeatCount=\"indefinite\" ><\/rect><rect class=\"wppa-ajaxspin\" x=\"47\" y=\"40\" width=\"6\" height=\"20\" rx=\"3\" ry=\"3\" transform=\"rotate(90 50 50) translate(0 -32)\"><animate attributeName=\"opacity\" from=\"1\" to=\"0\" dur=\"1.5s\" begin=\"0.375s\" repeatCount=\"indefinite\" ><\/rect><rect class=\"wppa-ajaxspin\" x=\"47\" y=\"40\" width=\"6\" height=\"20\" rx=\"3\" ry=\"3\" transform=\"rotate(112.5 50 50) translate(0 -32)\"><animate attributeName=\"opacity\" from=\"1\" to=\"0\" dur=\"1.5s\" begin=\"0.46875s\" repeatCount=\"indefinite\" ><\/rect><rect class=\"wppa-ajaxspin\" x=\"47\" y=\"40\" width=\"6\" height=\"20\" rx=\"3\" ry=\"3\" transform=\"rotate(135 50 50) translate(0 -32)\"><animate attributeName=\"opacity\" from=\"1\" to=\"0\" dur=\"1.5s\" begin=\"0.5625s\" repeatCount=\"indefinite\" ><\/rect><rect class=\"wppa-ajaxspin\" x=\"47\" y=\"40\" width=\"6\" height=\"20\" rx=\"3\" ry=\"3\" transform=\"rotate(157.5 50 50) translate(0 -32)\"><animate attributeName=\"opacity\" from=\"1\" to=\"0\" dur=\"1.5s\" begin=\"0.65625s\" repeatCount=\"indefinite\" ><\/rect><rect class=\"wppa-ajaxspin\" x=\"47\" y=\"40\" width=\"6\" height=\"20\" rx=\"3\" ry=\"3\" transform=\"rotate(180 50 50) translate(0 -32)\"><animate attributeName=\"opacity\" from=\"1\" to=\"0\" dur=\"1.5s\" begin=\"0.75s\" repeatCount=\"indefinite\" ><\/rect><rect class=\"wppa-ajaxspin\" x=\"47\" y=\"40\" width=\"6\" height=\"20\" rx=\"3\" ry=\"3\" transform=\"rotate(202.5 50 50) translate(0 -32)\"><animate attributeName=\"opacity\" from=\"1\" to=\"0\" dur=\"1.5s\" begin=\"0.84375s\" repeatCount=\"indefinite\" ><\/rect><rect class=\"wppa-ajaxspin\" x=\"47\" y=\"40\" width=\"6\" height=\"20\" rx=\"3\" ry=\"3\" transform=\"rotate(225 50 50) translate(0 -32)\"><animate attributeName=\"opacity\" from=\"1\" to=\"0\" dur=\"1.5s\" begin=\"0.9375s\" repeatCount=\"indefinite\" ><\/rect><rect class=\"wppa-ajaxspin\" x=\"47\" y=\"40\" width=\"6\" height=\"20\" rx=\"3\" ry=\"3\" transform=\"rotate(247.5 50 50) translate(0 -32)\"><animate attributeName=\"opacity\" from=\"1\" to=\"0\" dur=\"1.5s\" begin=\"1.03125s\" repeatCount=\"indefinite\" ><\/rect><rect class=\"wppa-ajaxspin\" x=\"47\" y=\"40\" width=\"6\" height=\"20\" rx=\"3\" ry=\"3\" transform=\"rotate(270 50 50) translate(0 -32)\"><animate attributeName=\"opacity\" from=\"1\" to=\"0\" dur=\"1.5s\" begin=\"1.125s\" repeatCount=\"indefinite\" ><\/rect><rect class=\"wppa-ajaxspin\" x=\"47\" y=\"40\" width=\"6\" height=\"20\" rx=\"3\" ry=\"3\" transform=\"rotate(292.5 50 50) translate(0 -32)\"><animate attributeName=\"opacity\" from=\"1\" to=\"0\" dur=\"1.5s\" begin=\"1.21875s\" repeatCount=\"indefinite\" ><\/rect><rect class=\"wppa-ajaxspin\" x=\"47\" y=\"40\" width=\"6\" height=\"20\" rx=\"3\" ry=\"3\" transform=\"rotate(315 50 50) translate(0 -32)\"><animate attributeName=\"opacity\" from=\"1\" to=\"0\" dur=\"1.5s\" begin=\"1.3125s\" repeatCount=\"indefinite\" ><\/rect><rect class=\"wppa-ajaxspin\" x=\"47\" y=\"40\" width=\"6\" height=\"20\" rx=\"3\" ry=\"3\" transform=\"rotate(337.5 50 50) translate(0 -32)\"><animate attributeName=\"opacity\" from=\"1\" to=\"0\" dur=\"1.5s\" begin=\"1.40625s\" repeatCount=\"indefinite\" ><\/rect><\/svg><input type=\"hidden\" id=\"wppa-nonce-0-1\" name=\"wppa-nonce\" value=\"3ac532b734\" ><div id=\"wppa-slidelist-1\" style=\"overflow:auto;\" class=\"slidelist\"><div class=\"wppa-box wppa-nav wppa-filmstrip-box\" style=\"text-align:center;height:104px;\"><div class=\"wppa-fs-arrow-cont-1\" style=\"float:left; text-align:left; cursor:pointer; margin-top:40px; width: 42px; font-size: 24px;\"><span class=\"wppa-first-1 wppa-arrow\" style=\"display:inline-block;\" id=\"first-film-arrow-1\" onclick=\"wppaFirst(1);\" title=\"Premier\"><svg version=\"1.1\" x=\"0px\" y=\"0px\" viewBox=\"0 0 30 30\" style=\"height:24px; fill:#666666; background-color:transparent; text-decoration:none !important; vertical-align:middle;border-radius:20%\" xml:space=\"preserve\"><g><path d=\"M30,0H0V30H30V0z M23,20.5c0,0.2-0.1,0.3-0.2,0.4c-0.2,0.1-0.3,0.1-0.5,0L16,17.4v3.1c0,0.2-0.1,0.4-0.3,0.4c-0.1,0-0.1,0.1-0.2,0.1c-0.1,0-0.2,0-0.3-0.1l-8-6C7.1,14.8,7,14.6,7,14.5c0-0.2,0.1-0.3,0.2-0.4l8-5c0.2-0.1,0.3-0.1,0.5,0C15.9,9.2,16,9.3,16,9.5v3.1l6.3-3.6c0.2-0.1,0.3-0.1,0.5,0C22.9,9.2,23,9.3,23,9.5V20.5z\" ><\/g><\/svg><\/span><\/div><div class=\"wppa-fs-arrow-cont-1\" style=\"float:right; text-align:right; cursor:pointer; margin-top:40px; width: 42px; font-size: 24px;\"><span class=\"wppa-last-1 wppa-arrow\" style=\"display:inline-block;\" id=\"last-film-arrow-1\" onclick=\"wppaLast(1);\" title=\"Dernier\"><svg version=\"1.1\" x=\"0px\" y=\"0px\" viewBox=\"0 0 30 30\" style=\"height:24px; fill:#666666; background-color:transparent; text-decoration:none !important; vertical-align:middle;border-radius:20%\" xml:space=\"preserve\"><g><path d=\"M30,0H0V30H30V0zM22.8,15.9l-8,5c-0.2,0.1-0.3,0.1-0.5,0c-0.2-0.1-0.3-0.3-0.3-0.4v-3.1l-6.3,3.6C7.7,21,7.6,21,7.5,21c-0.1,0-0.2,0-0.3-0.1C7.1,20.8,7,20.7,7,20.5v-11c0-0.2,0.1-0.3,0.2-0.4C7.4,9,7.6,9,7.7,9.1l6.3,3.6V9.5c0-0.2,0.1-0.4,0.3-0.4c0.2-0.1,0.4-0.1,0.5,0l8,6c0.1,0.1,0.2,0.3,0.2,0.4C23,15.7,22.9,15.8,22.8,15.9z\" ><\/g><\/svg><\/span><\/div><div id=\"filmwindow-1\" class=\"filmwindow\" style=\"width: 542px; position:absolute !important; display: block; height:104px; margin: 0 0 0 42px; overflow:hidden\"><div id=\"wppa-filmstrip-1\" class=\"wppa-filmstrip\" style=\"height:100px; width:1664px; max-width:1664px;margin-left: -100px;margin-bottom:4px;\"><div id=\"pre_wppatnf_1375386f86cd62e2_1\" class=\"thumbnail-frame wppa-pre-1\" style=\"width: 100px; height: 100px; margin-left: 4px; margin-top: 2px; margin-bottom: 2px;\"><img loading=\"lazy\" decoding=\"async\" id=\"wppa-pre-0-1\" style=\"border-width:0px;width:100px;height:37px;margin-top: 32px;margin-bottom:32px;opacity:0.95;cursor:pointer;\" width=\"150\" height=\"55\" src=\"https:\/\/www.205rallye.net\/site\/wp-content\/uploads\/wppa\/thumbs\/22.jpg?ver=1\" alt=\"received_1091569587657608.jpeg\" class=\"nolazy wppa-pre-1\" onclick=\"if(_wppaCurIdx[1]!=0)wppaGoto(1,0);\" ondblclick=\"if(_wppaCurIdx[1]==0)wppaStartStop(1,-1);\" onmouseover=\"jQuery(this).fadeTo(400, 1.0);\" onmouseout=\"jQuery(this).fadeTo(400, 0.95);\"><\/div><div id=\"pre_wppatnf_021182996ec38a5e_1\" class=\"thumbnail-frame wppa-pre-1\" style=\"width: 100px; height: 100px; margin-left: 4px; margin-top: 2px; margin-bottom: 2px;\"><img loading=\"lazy\" decoding=\"async\" id=\"wppa-pre-1-1\" style=\"border-width:0px;width:100px;height:35px;margin-top: 33px;margin-bottom:33px;opacity:0.95;cursor:pointer;\" width=\"150\" height=\"53\" src=\"https:\/\/www.205rallye.net\/site\/wp-content\/uploads\/wppa\/thumbs\/23.jpg?ver=1\" alt=\"received_1091569667657600.jpeg\" class=\"nolazy wppa-pre-1\" onclick=\"if(_wppaCurIdx[1]!=1)wppaGoto(1,1);\" ondblclick=\"if(_wppaCurIdx[1]==1)wppaStartStop(1,-1);\" onmouseover=\"jQuery(this).fadeTo(400, 1.0);\" onmouseout=\"jQuery(this).fadeTo(400, 0.95);\"><\/div><div id=\"pre_wppatnf_db35a888fd8384fc_1\" class=\"thumbnail-frame wppa-pre-1\" style=\"width: 100px; height: 100px; margin-left: 4px; margin-top: 2px; margin-bottom: 2px;\"><img loading=\"lazy\" decoding=\"async\" id=\"wppa-pre-2-1\" style=\"border-width:0px;width:100px;height:75px;margin-top: 13px;margin-bottom:13px;opacity:0.95;cursor:pointer;\" width=\"150\" height=\"113\" src=\"https:\/\/www.205rallye.net\/site\/wp-content\/uploads\/wppa\/thumbs\/24.jpg?ver=1\" alt=\"received_1091569817657585.jpeg\" class=\"nolazy wppa-pre-1\" onclick=\"if(_wppaCurIdx[1]!=2)wppaGoto(1,2);\" ondblclick=\"if(_wppaCurIdx[1]==2)wppaStartStop(1,-1);\" onmouseover=\"jQuery(this).fadeTo(400, 1.0);\" onmouseout=\"jQuery(this).fadeTo(400, 0.95);\"><\/div><div id=\"pre_wppatnf_1375386f86cd62e2_1\" class=\"thumbnail-frame wppa-pre-1\" style=\"width: 100px; height: 100px; margin-left: 4px; margin-top: 2px; margin-bottom: 2px;\"><img loading=\"lazy\" decoding=\"async\" id=\"wppa-pre-0-1\" style=\"border-width:0px;width:100px;height:37px;margin-top: 32px;margin-bottom:32px;opacity:0.95;cursor:pointer;\" width=\"150\" height=\"55\" src=\"https:\/\/www.205rallye.net\/site\/wp-content\/uploads\/wppa\/thumbs\/22.jpg?ver=1\" alt=\"received_1091569587657608.jpeg\" class=\"nolazy wppa-pre-1\" onclick=\"if(_wppaCurIdx[1]!=0)wppaGoto(1,0);\" ondblclick=\"if(_wppaCurIdx[1]==0)wppaStartStop(1,-1);\" onmouseover=\"jQuery(this).fadeTo(400, 1.0);\" onmouseout=\"jQuery(this).fadeTo(400, 0.95);\"><\/div><div id=\"pre_wppatnf_021182996ec38a5e_1\" class=\"thumbnail-frame wppa-pre-1\" style=\"width: 100px; height: 100px; margin-left: 4px; margin-top: 2px; margin-bottom: 2px;\"><img loading=\"lazy\" decoding=\"async\" id=\"wppa-pre-1-1\" style=\"border-width:0px;width:100px;height:35px;margin-top: 33px;margin-bottom:33px;opacity:0.95;cursor:pointer;\" width=\"150\" height=\"53\" src=\"https:\/\/www.205rallye.net\/site\/wp-content\/uploads\/wppa\/thumbs\/23.jpg?ver=1\" alt=\"received_1091569667657600.jpeg\" class=\"nolazy wppa-pre-1\" onclick=\"if(_wppaCurIdx[1]!=1)wppaGoto(1,1);\" ondblclick=\"if(_wppaCurIdx[1]==1)wppaStartStop(1,-1);\" onmouseover=\"jQuery(this).fadeTo(400, 1.0);\" onmouseout=\"jQuery(this).fadeTo(400, 0.95);\"><\/div><div id=\"pre_wppatnf_db35a888fd8384fc_1\" class=\"thumbnail-frame wppa-pre-1\" style=\"width: 100px; height: 100px; margin-left: 4px; margin-top: 2px; margin-bottom: 2px;padding-right:4px; border-right: 2px dotted gray;\"><img loading=\"lazy\" decoding=\"async\" id=\"wppa-pre-2-1\" style=\"border-width:0px;width:100px;height:75px;margin-top: 13px;margin-bottom:13px;opacity:0.95;cursor:pointer;\" width=\"150\" height=\"113\" src=\"https:\/\/www.205rallye.net\/site\/wp-content\/uploads\/wppa\/thumbs\/24.jpg?ver=1\" alt=\"received_1091569817657585.jpeg\" class=\"nolazy wppa-pre-1\" onclick=\"if(_wppaCurIdx[1]!=2)wppaGoto(1,2);\" ondblclick=\"if(_wppaCurIdx[1]==2)wppaStartStop(1,-1);\" onmouseover=\"jQuery(this).fadeTo(400, 1.0);\" onmouseout=\"jQuery(this).fadeTo(400, 0.95);\"><\/div><div id=\"film_wppatnf_1375386f86cd62e2_1\" class=\"thumbnail-frame wppa-film-1\" style=\"width: 100px; height: 100px; margin-left: 4px; margin-top: 2px; margin-bottom: 2px;\"><img loading=\"lazy\" decoding=\"async\" id=\"wppa-film-0-1\" style=\"border-width:0px;width:100px;height:37px;margin-top: 32px;margin-bottom:32px;opacity:0.95;cursor:pointer;\" width=\"150\" height=\"55\" src=\"https:\/\/www.205rallye.net\/site\/wp-content\/uploads\/wppa\/thumbs\/22.jpg?ver=1\" alt=\"received_1091569587657608.jpeg\" class=\"nolazy wppa-film-1\" onclick=\"if(_wppaCurIdx[1]!=0)wppaGoto(1,0);\" ondblclick=\"if(_wppaCurIdx[1]==0)wppaStartStop(1,-1);\" onmouseover=\"jQuery(this).fadeTo(400, 1.0);\" onmouseout=\"jQuery(this).fadeTo(400, 0.95);\"><\/div><div id=\"film_wppatnf_021182996ec38a5e_1\" class=\"thumbnail-frame wppa-film-1\" style=\"width: 100px; height: 100px; margin-left: 4px; margin-top: 2px; margin-bottom: 2px;\"><img loading=\"lazy\" decoding=\"async\" id=\"wppa-film-1-1\" style=\"border-width:0px;width:100px;height:35px;margin-top: 33px;margin-bottom:33px;opacity:0.95;cursor:pointer;\" width=\"150\" height=\"53\" src=\"https:\/\/www.205rallye.net\/site\/wp-content\/uploads\/wppa\/thumbs\/23.jpg?ver=1\" alt=\"received_1091569667657600.jpeg\" class=\"nolazy wppa-film-1\" onclick=\"if(_wppaCurIdx[1]!=1)wppaGoto(1,1);\" ondblclick=\"if(_wppaCurIdx[1]==1)wppaStartStop(1,-1);\" onmouseover=\"jQuery(this).fadeTo(400, 1.0);\" onmouseout=\"jQuery(this).fadeTo(400, 0.95);\"><\/div><div id=\"film_wppatnf_db35a888fd8384fc_1\" class=\"thumbnail-frame wppa-film-1\" style=\"width: 100px; height: 100px; margin-left: 4px; margin-top: 2px; margin-bottom: 2px;padding-right:4px; border-right: 2px dotted gray;\"><img loading=\"lazy\" decoding=\"async\" id=\"wppa-film-2-1\" style=\"border-width:0px;width:100px;height:75px;margin-top: 13px;margin-bottom:13px;opacity:0.95;cursor:pointer;\" width=\"150\" height=\"113\" src=\"https:\/\/www.205rallye.net\/site\/wp-content\/uploads\/wppa\/thumbs\/24.jpg?ver=1\" alt=\"received_1091569817657585.jpeg\" class=\"nolazy wppa-film-1\" onclick=\"if(_wppaCurIdx[1]!=2)wppaGoto(1,2);\" ondblclick=\"if(_wppaCurIdx[1]==2)wppaStartStop(1,-1);\" onmouseover=\"jQuery(this).fadeTo(400, 1.0);\" onmouseout=\"jQuery(this).fadeTo(400, 0.95);\"><\/div><div id=\"post_wppatnf_1375386f86cd62e2_1\" class=\"thumbnail-frame wppa-post-1\" style=\"width: 100px; height: 100px; margin-left: 4px; margin-top: 2px; margin-bottom: 2px;\"><img loading=\"lazy\" decoding=\"async\" id=\"wppa-post-0-1\" style=\"border-width:0px;width:100px;height:37px;margin-top: 32px;margin-bottom:32px;opacity:0.95;cursor:pointer;\" width=\"150\" height=\"55\" src=\"https:\/\/www.205rallye.net\/site\/wp-content\/uploads\/wppa\/thumbs\/22.jpg?ver=1\" alt=\"received_1091569587657608.jpeg\" class=\"nolazy wppa-post-1\" onclick=\"if(_wppaCurIdx[1]!=0)wppaGoto(1,0);\" ondblclick=\"if(_wppaCurIdx[1]==0)wppaStartStop(1,-1);\" onmouseover=\"jQuery(this).fadeTo(400, 1.0);\" onmouseout=\"jQuery(this).fadeTo(400, 0.95);\"><\/div><div id=\"post_wppatnf_021182996ec38a5e_1\" class=\"thumbnail-frame wppa-post-1\" style=\"width: 100px; height: 100px; margin-left: 4px; margin-top: 2px; margin-bottom: 2px;\"><img loading=\"lazy\" decoding=\"async\" id=\"wppa-post-1-1\" style=\"border-width:0px;width:100px;height:35px;margin-top: 33px;margin-bottom:33px;opacity:0.95;cursor:pointer;\" width=\"150\" height=\"53\" src=\"https:\/\/www.205rallye.net\/site\/wp-content\/uploads\/wppa\/thumbs\/23.jpg?ver=1\" alt=\"received_1091569667657600.jpeg\" class=\"nolazy wppa-post-1\" onclick=\"if(_wppaCurIdx[1]!=1)wppaGoto(1,1);\" ondblclick=\"if(_wppaCurIdx[1]==1)wppaStartStop(1,-1);\" onmouseover=\"jQuery(this).fadeTo(400, 1.0);\" onmouseout=\"jQuery(this).fadeTo(400, 0.95);\"><\/div><div id=\"post_wppatnf_db35a888fd8384fc_1\" class=\"thumbnail-frame wppa-post-1\" style=\"width: 100px; height: 100px; margin-left: 4px; margin-top: 2px; margin-bottom: 2px;\"><img loading=\"lazy\" decoding=\"async\" id=\"wppa-post-2-1\" style=\"border-width:0px;width:100px;height:75px;margin-top: 13px;margin-bottom:13px;opacity:0.95;cursor:pointer;\" width=\"150\" height=\"113\" src=\"https:\/\/www.205rallye.net\/site\/wp-content\/uploads\/wppa\/thumbs\/24.jpg?ver=1\" alt=\"received_1091569817657585.jpeg\" class=\"nolazy wppa-post-1\" onclick=\"if(_wppaCurIdx[1]!=2)wppaGoto(1,2);\" ondblclick=\"if(_wppaCurIdx[1]==2)wppaStartStop(1,-1);\" onmouseover=\"jQuery(this).fadeTo(400, 1.0);\" onmouseout=\"jQuery(this).fadeTo(400, 0.95);\"><\/div><div id=\"post_wppatnf_1375386f86cd62e2_1\" class=\"thumbnail-frame wppa-post-1\" style=\"width: 100px; height: 100px; margin-left: 4px; margin-top: 2px; margin-bottom: 2px;\"><img loading=\"lazy\" decoding=\"async\" id=\"wppa-post-0-1\" style=\"border-width:0px;width:100px;height:37px;margin-top: 32px;margin-bottom:32px;opacity:0.95;cursor:pointer;\" width=\"150\" height=\"55\" src=\"https:\/\/www.205rallye.net\/site\/wp-content\/uploads\/wppa\/thumbs\/22.jpg?ver=1\" alt=\"received_1091569587657608.jpeg\" class=\"nolazy wppa-post-1\" onclick=\"if(_wppaCurIdx[1]!=0)wppaGoto(1,0);\" ondblclick=\"if(_wppaCurIdx[1]==0)wppaStartStop(1,-1);\" onmouseover=\"jQuery(this).fadeTo(400, 1.0);\" onmouseout=\"jQuery(this).fadeTo(400, 0.95);\"><\/div><div id=\"post_wppatnf_021182996ec38a5e_1\" class=\"thumbnail-frame wppa-post-1\" style=\"width: 100px; height: 100px; margin-left: 4px; margin-top: 2px; margin-bottom: 2px;\"><img loading=\"lazy\" decoding=\"async\" id=\"wppa-post-1-1\" style=\"border-width:0px;width:100px;height:35px;margin-top: 33px;margin-bottom:33px;opacity:0.95;cursor:pointer;\" width=\"150\" height=\"53\" src=\"https:\/\/www.205rallye.net\/site\/wp-content\/uploads\/wppa\/thumbs\/23.jpg?ver=1\" alt=\"received_1091569667657600.jpeg\" class=\"nolazy wppa-post-1\" onclick=\"if(_wppaCurIdx[1]!=1)wppaGoto(1,1);\" ondblclick=\"if(_wppaCurIdx[1]==1)wppaStartStop(1,-1);\" onmouseover=\"jQuery(this).fadeTo(400, 1.0);\" onmouseout=\"jQuery(this).fadeTo(400, 0.95);\"><\/div><div id=\"post_wppatnf_db35a888fd8384fc_1\" class=\"thumbnail-frame wppa-post-1\" style=\"width: 100px; height: 100px; margin-left: 4px; margin-top: 2px; margin-bottom: 2px;\"><img loading=\"lazy\" decoding=\"async\" id=\"wppa-post-2-1\" style=\"border-width:0px;width:100px;height:75px;margin-top: 13px;margin-bottom:13px;opacity:0.95;cursor:pointer;\" width=\"150\" height=\"113\" src=\"https:\/\/www.205rallye.net\/site\/wp-content\/uploads\/wppa\/thumbs\/24.jpg?ver=1\" alt=\"received_1091569817657585.jpeg\" class=\"nolazy wppa-post-1\" onclick=\"if(_wppaCurIdx[1]!=2)wppaGoto(1,2);\" ondblclick=\"if(_wppaCurIdx[1]==2)wppaStartStop(1,-1);\" onmouseover=\"jQuery(this).fadeTo(400, 1.0);\" onmouseout=\"jQuery(this).fadeTo(400, 0.95);\"><\/div><\/div><div style=\"clear:both\"><\/div><\/div><\/div><\/div><div style=\"clear:both;\"><\/div><div id=\"wppa-container-1-end\"><\/div><\/div><\/div>\n<!-- End [wppa type=\"filmonly\" album=\"1\" align=\"center\"] \/site\/index.php\/wp-json\/wp\/v2\/pages\/2 oc 1 12 queries in 16.9 ms. at 14 h 12 min. Max mem: 52.00 Mb. --><\/p>\n<p class=\"tittle\"><span style=\"font-size: 28px; font-weight: 900;\">Les objectifs?<\/span><\/p>\n<\/div>\n<div>Voil\u00e0 quelques id\u00e9es, vous ne manquerez certainement pas de m&rsquo;en donner d&rsquo;autres sur le <a href=\"http:\/\/www.205rallye.net\/forum\">forum<\/a>.<\/div>\n<div>\n<ul>\n<li>Recenser sur le plan national toutes les Rallye afin de remplir une base de donn\u00e9es pour en conna\u00eetre le nombre, l&rsquo;\u00e9tat, l&rsquo;utilisation,&#8230;<\/li>\n<li>Permettre de lier des contacts dans une r\u00e9gion et de se regrouper aupr\u00e8s d&rsquo;un repr\u00e9sentant local.<\/li>\n<li>Faciliter l&rsquo;organisation de sorties, de rencontres nationales, louer un circuit, participer \u00e0 des salons, des expos, des courses,&#8230;<\/li>\n<li>Faire profiter de l&rsquo;exp\u00e9rience de chacun : on peut imaginer \u00e9diter une brochure technique sur la 205 Rallye (la RTA est un peu maigre !)<\/li>\n<li>Profiter de tarifs pr\u00e9f\u00e9rentiels pour des achats group\u00e9s : lancer une fabrication d&rsquo;autocollants d&rsquo;origine, refaire un lot de sellerie, des brides souples de carbus, &#8230; ou bien pour des stages de pilotage.<\/li>\n<li>Disposer d&rsquo;un stock de pi\u00e8ces pour rendre la restauration et l&rsquo;entretien accessible \u00e0 tous : bourse d&rsquo;\u00e9change, vente de pi\u00e8ces d\u00e9tach\u00e9es d&rsquo;occasion.<\/li>\n<li>Editer un petit p\u00e9riodique pour se tenir inform\u00e9 et garder le contact avec ceux qui n&rsquo;ont pas acc\u00e8s \u00e0 Internet.<\/li>\n<li>Valoriser la 205 Rallye pour qu&rsquo;elle devienne auto de collection.<\/li>\n<li>Int\u00e9resser un sponsor qui permettrait de couvrir les frais de gestion du club.<\/li>\n<li>Cr\u00e9er des accessoires 205 Rallye : tee shirts, porte clefs &#8230;<\/li>\n<\/ul>\n<\/div>\n<div>\n<h2 class=\"tittle\">Comment faire ?<\/h2>\n<p>Il faut commencer par cr\u00e9er une association officielle, avec le staff dirigeant. Cela passe aussi par le volontariat en trouvant des repr\u00e9sentants locaux et par une contribution des membres afin de couvrir les frais d&rsquo;organisation de l&rsquo;association.\u00a0 Nous sommes tous b\u00e9n\u00e9voles mais passionn\u00e9s.<\/p>\n<\/div>\n<div>\n<p align=\"right\">Le bureau<\/p>\n<p>ndlr: Maintenant que le club est cr\u00e9\u00e9 (depuis 2003), il nous faut sans cesse rechercher \u00e0 atteindre ces objectifs&#8230; (Merci christophe)<\/p>\n<\/div>\n<h2 class=\"tittle\">Assembl\u00e9e g\u00e9n\u00e9rale 2020<\/h2>\n<p>Apr\u00e8s une ann\u00e9e 2020 qui n&rsquo;a pas permis au club de se rassembler, notre Assembl\u00e9e G\u00e9n\u00e9rale annuelle si tiendra en ligne sur notre plate-forme d&rsquo;\u00e9change, notre <a href=\"http:\/\/www.205rallye.net\/forum\">forum <\/a>de discussion en ligne.<br \/>Conform\u00e9ment aux statuts, cette ann\u00e9e l&rsquo;AG pr\u00e9voit l&rsquo;\u00e9lection d&rsquo;un nouveau Bureau.\u00a0<br \/>Si vous \u00eates membre \u00e0 jour de cotisation, rendez-vous en d\u00e9cembre pour l&rsquo;AG !<\/p>\n<p>Toutes les infos sont disponibles aupr\u00e8s du Bureau, sur le forum ou par mail.\u00a0<\/p>\n<p>\u00a0<\/p>\n<p>\u00a0<\/p>\n<p>Bonne fin de saison \u00e0 toutes et tous.\u00a0<br \/>LE BUREAU<\/p>\n\n\n<p><\/p>\n","protected":false},"excerpt":{"rendered":"<p>Un esprit 205 Rallye ? Mis \u00e0 part la passion pour cette voiture, il y a des caract\u00e9ristiques communes aux propri\u00e9taires de 205 Rallye.Il y aurait un \u00e9tat d&rsquo;esprit propre aux Rallyphiles ? On peut le croire parce qu&rsquo;ils ne veulent surtout pas \u00eatre assimil\u00e9s \u00e0 des GTIstes, il faut \u00e9viter de leurs parler de &hellip; <a href=\"https:\/\/www.205rallye.net\/site\/\" class=\"more-link\">Continuer la lecture<span class=\"screen-reader-text\"> de &laquo;&nbsp;Bienvenue sur le site du 205 Rallye Club de France&nbsp;&raquo;<\/span><\/a><\/p>\n","protected":false},"author":1,"featured_media":0,"parent":0,"menu_order":0,"comment_status":"closed","ping_status":"open","template":"","meta":{"_uag_custom_page_level_css":"","footnotes":""},"class_list":["post-2","page","type-page","status-publish","hentry"],"uagb_featured_image_src":{"full":false,"thumbnail":false,"medium":false,"medium_large":false,"large":false,"1536x1536":false,"2048x2048":false,"post-thumbnail":false},"uagb_author_info":{"display_name":"adm_ng","author_link":"https:\/\/www.205rallye.net\/site\/index.php\/author\/adm_ng\/"},"uagb_comment_info":0,"uagb_excerpt":"Un esprit 205 Rallye ? Mis \u00e0 part la passion pour cette voiture, il y a des caract\u00e9ristiques communes aux propri\u00e9taires de 205 Rallye.Il y aurait un \u00e9tat d&rsquo;esprit propre aux Rallyphiles ? On peut le croire parce qu&rsquo;ils ne veulent surtout pas \u00eatre assimil\u00e9s \u00e0 des GTIstes, il faut \u00e9viter de leurs parler de\u2026","_links":{"self":[{"href":"https:\/\/www.205rallye.net\/site\/index.php\/wp-json\/wp\/v2\/pages\/2","targetHints":{"allow":["GET"]}}],"collection":[{"href":"https:\/\/www.205rallye.net\/site\/index.php\/wp-json\/wp\/v2\/pages"}],"about":[{"href":"https:\/\/www.205rallye.net\/site\/index.php\/wp-json\/wp\/v2\/types\/page"}],"author":[{"embeddable":true,"href":"https:\/\/www.205rallye.net\/site\/index.php\/wp-json\/wp\/v2\/users\/1"}],"replies":[{"embeddable":true,"href":"https:\/\/www.205rallye.net\/site\/index.php\/wp-json\/wp\/v2\/comments?post=2"}],"version-history":[{"count":21,"href":"https:\/\/www.205rallye.net\/site\/index.php\/wp-json\/wp\/v2\/pages\/2\/revisions"}],"predecessor-version":[{"id":487,"href":"https:\/\/www.205rallye.net\/site\/index.php\/wp-json\/wp\/v2\/pages\/2\/revisions\/487"}],"wp:attachment":[{"href":"https:\/\/www.205rallye.net\/site\/index.php\/wp-json\/wp\/v2\/media?parent=2"}],"curies":[{"name":"wp","href":"https:\/\/api.w.org\/{rel}","templated":true}]}}